{"id":928,"date":"2023-11-13T08:40:20","date_gmt":"2023-11-13T07:40:20","guid":{"rendered":"http:\/\/cornisharms.de\/?page_id=928"},"modified":"2024-07-31T11:54:41","modified_gmt":"2024-07-31T09:54:41","slug":"public-house","status":"publish","type":"page","link":"http:\/\/cornisharms.de\/?page_id=928","title":{"rendered":"Public House"},"content":{"rendered":"\n<h2 class=\"wp-block-heading has-text-align-left\" id=\"veranstaltungen\">\u201eTHE CORNISH ARMS\u201c   <br>Public House and Bed &amp; Breakfast <\/h2>\n\n\n\n<p>In nur wenigen Minuten zu Fu\u00df befindet sich der historische Marktplatz von Gr\u00e4frath, wo unsere Kollegen vom \u201eKaffeehaus\u201c, der \u201eMAKU-Weinbar\u201c, dem \u201eEiscaf\u00e9 Giulia\u201c oder das spanische Restaurant \u201eCasa Pedro\u201c sich auf Sie freuen w\u00fcrden. Am Ortseingang d\u00fcrfen Sie sich in \u201eBastis Restaurant\u201c auf gepflegte Deutsch-Internationale K\u00fcche freuen.<\/p>\n\n\n\n<p>Oberhalb des Marktplatzes befindet sich, in den R\u00e4umlichkeiten des Gr\u00e4frather Klosters, das Deutsche Klingenmuseum mit seiner gro\u00dfen Ausstellung historischer und moderner Schneidwaren und Blankwaffen aus Solingen und der ganzen Welt. Weitere Informationen \u00fcber Solingen und das Bergische St\u00e4dtedreieck finden Sie unter www.bergisch-mal-drei.de&nbsp;<\/p>\n\n\n\n<style type=\"text\/css\" scoped>.rbs_gallery_69dfe1a60a2bbSpinner{\r\n\t\t\t\tmargin: 50px auto;\r\n\t\t\t\twidth: 50px;\r\n\t\t\t\theight: 40px;\r\n\t\t\t\ttext-align: center;\r\n\t\t\t\tfont-size: 10px;\r\n\t\t\t}\r\n\t\t\t.rbs_gallery_69dfe1a60a2bbSpinner > div{\r\n\t\t\t  background-color: #333;\r\n\t\t\t  height: 100%;\r\n\t\t\t  width: 6px;\r\n\t\t\t  display: inline-block;\r\n\t\t\t  -webkit-animation: rbs_gallery_69dfe1a60a2bb-stretchdelay 1.2s infinite ease-in-out;\r\n\t\t\t  animation: rbs_gallery_69dfe1a60a2bb-stretchdelay 1.2s infinite ease-in-out;\r\n\t\t\t}\r\n\t\t\t.rbs_gallery_69dfe1a60a2bbSpinner .rbs_gallery_69dfe1a60a2bbRect2 {\r\n\t\t\t  -webkit-animation-delay: -1.1s;\r\n\t\t\t  animation-delay: -1.1s;\r\n\t\t\t}\r\n\t\t\t.rbs_gallery_69dfe1a60a2bbSpinner .rbs_gallery_69dfe1a60a2bbRect3 {\r\n\t\t\t  -webkit-animation-delay: -1.0s;\r\n\t\t\t  animation-delay: -1.0s;\r\n\t\t\t}\r\n\t\t\t.rbs_gallery_69dfe1a60a2bbSpinner .rbs_gallery_69dfe1a60a2bbRect4 {\r\n\t\t\t  -webkit-animation-delay: -0.9s;\r\n\t\t\t  animation-delay: -0.9s;\r\n\t\t\t}\r\n\t\t\t.rbs_gallery_69dfe1a60a2bbSpinner .rbs_gallery_69dfe1a60a2bbRect5 {\r\n\t\t\t  -webkit-animation-delay: -0.8s;\r\n\t\t\t  animation-delay: -0.8s;\r\n\t\t\t}\r\n\t\t\t@-webkit-keyframes rbs_gallery_69dfe1a60a2bb-stretchdelay {\r\n\t\t\t  0%, 40%, 100% { -webkit-transform: scaleY(0.4) }  \r\n\t\t\t  20% { -webkit-transform: scaleY(1.0) }\r\n\t\t\t}\r\n\t\t\t@keyframes rbs_gallery_69dfe1a60a2bb-stretchdelay {\r\n\t\t\t  0%, 40%, 100% { \r\n\t\t\t    transform: scaleY(0.4);\r\n\t\t\t    -webkit-transform: scaleY(0.4);\r\n\t\t\t  }  20% { \r\n\t\t\t    transform: scaleY(1.0);\r\n\t\t\t    -webkit-transform: scaleY(1.0);\r\n\t\t\t  }\r\n\t\t\t}\r\n\t\t<\/style><div class=\"robo-gallery-wrap robo-gallery-wrap-id964 robo-gallery-mosaic\" ><div id=\"rbs_gallery_69dfe1a60a2bb-block-loader\" class=\"rbs_gallery_69dfe1a60a2bbSpinner\"><div class=\"rbs_gallery_69dfe1a60a2bbRect1\"><\/div> <div class=\"rbs_gallery_69dfe1a60a2bbRect2\"><\/div> <div class=\"rbs_gallery_69dfe1a60a2bbRect3\"><\/div> <div class=\"rbs_gallery_69dfe1a60a2bbRect4\"><\/div> <div class=\"rbs_gallery_69dfe1a60a2bbRect5\"><\/div><\/div><div id=\"robo_gallery_main_block_rbs_gallery_69dfe1a60a2bb\" class=\"robogallery-gallery-964\" style=\"width:100%;  display: none;\"><div id=\"rbs_gallery_69dfe1a60a2bb\" data-options=\"rbs_gallery_69dfe1a60a2bb\" style=\"width:100%;\" class=\"robo_gallery  \"><div class=\"rbs-img  category964 \"  data-columns=\"4\" ><div class=\"rbs-img-image   rbs-lightbox \" ><div class=\"rbs-img-thumbs\"  data-thumbnail=\"http:\/\/cornisharms.de\/wp-content\/uploads\/2023\/11\/B_B15-1024x683.jpg\"  title=\"B_B15\"  data-width=\"640\"  data-height=\"427\" ><\/div><div class=\"rbs-img-data-popup\"  data-popup=\"http:\/\/cornisharms.de\/wp-content\/uploads\/2023\/11\/B_B15-scaled.jpg\"  title=\"B_B15\" ><\/div><div class=\"thumbnail-overlay\"><div class=\"rbsIcons\"><i class=\"fa fa-image rbsZoomIcon \" ><\/i><\/div><\/div><\/div><\/div><div class=\"rbs-img  category964 \" ><div class=\"rbs-img-image   rbs-lightbox \" ><div class=\"rbs-img-thumbs\"  data-thumbnail=\"http:\/\/cornisharms.de\/wp-content\/uploads\/2023\/11\/B_B221-1024x683.jpg\"  title=\"B_B221\"  data-width=\"640\"  data-height=\"427\" ><\/div><div class=\"rbs-img-data-popup\"  data-popup=\"http:\/\/cornisharms.de\/wp-content\/uploads\/2023\/11\/B_B221-scaled.jpg\"  title=\"B_B221\" ><\/div><div class=\"thumbnail-overlay\"><div class=\"rbsIcons\"><i class=\"fa fa-image rbsZoomIcon \" ><\/i><\/div><\/div><\/div><\/div><div class=\"rbs-img  category964 \" ><div class=\"rbs-img-image   rbs-lightbox \" ><div class=\"rbs-img-thumbs\"  data-thumbnail=\"http:\/\/cornisharms.de\/wp-content\/uploads\/2023\/11\/B_B219-1024x683.jpg\"  title=\"B_B219\"  data-width=\"640\"  data-height=\"427\" ><\/div><div class=\"rbs-img-data-popup\"  data-popup=\"http:\/\/cornisharms.de\/wp-content\/uploads\/2023\/11\/B_B219-scaled.jpg\"  title=\"B_B219\" ><\/div><div class=\"thumbnail-overlay\"><div class=\"rbsIcons\"><i class=\"fa fa-image rbsZoomIcon \" ><\/i><\/div><\/div><\/div><\/div><div class=\"rbs-img  category964 \" ><div class=\"rbs-img-image   rbs-lightbox \" ><div class=\"rbs-img-thumbs\"  data-thumbnail=\"http:\/\/cornisharms.de\/wp-content\/uploads\/2023\/11\/B_B33-1024x683.jpg\"  title=\"B_B33\"  data-width=\"640\"  data-height=\"427\" ><\/div><div class=\"rbs-img-data-popup\"  data-popup=\"http:\/\/cornisharms.de\/wp-content\/uploads\/2023\/11\/B_B33-scaled.jpg\"  title=\"B_B33\" ><\/div><div class=\"thumbnail-overlay\"><div class=\"rbsIcons\"><i class=\"fa fa-image rbsZoomIcon \" ><\/i><\/div><\/div><\/div><\/div><div class=\"rbs-img  category964 \"  data-columns=\"3\" ><div class=\"rbs-img-image   rbs-lightbox \" ><div class=\"rbs-img-thumbs\"  data-thumbnail=\"http:\/\/cornisharms.de\/wp-content\/uploads\/2023\/11\/B_B9-1024x683.jpg\"  title=\"B_B9\"  data-width=\"640\"  data-height=\"427\" ><\/div><div class=\"rbs-img-data-popup\"  data-popup=\"http:\/\/cornisharms.de\/wp-content\/uploads\/2023\/11\/B_B9-scaled.jpg\"  title=\"B_B9\" ><\/div><div class=\"thumbnail-overlay\"><div class=\"rbsIcons\"><i class=\"fa fa-image rbsZoomIcon \" ><\/i><\/div><\/div><\/div><\/div><div class=\"rbs-img  category964 \" ><div class=\"rbs-img-image   rbs-lightbox \" ><div class=\"rbs-img-thumbs\"  data-thumbnail=\"http:\/\/cornisharms.de\/wp-content\/uploads\/2023\/11\/B_B215-1024x683.jpg\"  title=\"B_B215\"  data-width=\"640\"  data-height=\"427\" ><\/div><div class=\"rbs-img-data-popup\"  data-popup=\"http:\/\/cornisharms.de\/wp-content\/uploads\/2023\/11\/B_B215-scaled.jpg\"  title=\"B_B215\" ><\/div><div class=\"thumbnail-overlay\"><div class=\"rbsIcons\"><i class=\"fa fa-image rbsZoomIcon \" ><\/i><\/div><\/div><\/div><\/div><div class=\"rbs-img  category964 \" ><div class=\"rbs-img-image   rbs-lightbox \" ><div class=\"rbs-img-thumbs\"  data-thumbnail=\"http:\/\/cornisharms.de\/wp-content\/uploads\/2023\/11\/B_B214-1024x683.jpg\"  title=\"B_B214\"  data-width=\"640\"  data-height=\"427\" ><\/div><div class=\"rbs-img-data-popup\"  data-popup=\"http:\/\/cornisharms.de\/wp-content\/uploads\/2023\/11\/B_B214-scaled.jpg\"  title=\"B_B214\" ><\/div><div class=\"thumbnail-overlay\"><div class=\"rbsIcons\"><i class=\"fa fa-image rbsZoomIcon \" ><\/i><\/div><\/div><\/div><\/div><div class=\"rbs-img  category964 \" ><div class=\"rbs-img-image   rbs-lightbox \" ><div class=\"rbs-img-thumbs\"  data-thumbnail=\"http:\/\/cornisharms.de\/wp-content\/uploads\/2023\/11\/B_B59-1024x683.jpg\"  title=\"B_B59\"  data-width=\"640\"  data-height=\"427\" ><\/div><div class=\"rbs-img-data-popup\"  data-popup=\"http:\/\/cornisharms.de\/wp-content\/uploads\/2023\/11\/B_B59-scaled.jpg\"  title=\"B_B59\" ><\/div><div class=\"thumbnail-overlay\"><div class=\"rbsIcons\"><i class=\"fa fa-image rbsZoomIcon \" ><\/i><\/div><\/div><\/div><\/div><div class=\"rbs-img  category964 \" ><div class=\"rbs-img-image   rbs-lightbox \" ><div class=\"rbs-img-thumbs\"  data-thumbnail=\"http:\/\/cornisharms.de\/wp-content\/uploads\/2023\/11\/B_B211-1024x683.jpg\"  title=\"B_B211\"  data-width=\"640\"  data-height=\"427\" ><\/div><div class=\"rbs-img-data-popup\"  data-popup=\"http:\/\/cornisharms.de\/wp-content\/uploads\/2023\/11\/B_B211-scaled.jpg\"  title=\"B_B211\" ><\/div><div class=\"thumbnail-overlay\"><div class=\"rbsIcons\"><i class=\"fa fa-image rbsZoomIcon \" ><\/i><\/div><\/div><\/div><\/div><div class=\"rbs-img  category964 \"  data-columns=\"2\" ><div class=\"rbs-img-image   rbs-lightbox \" ><div class=\"rbs-img-thumbs\"  data-thumbnail=\"http:\/\/cornisharms.de\/wp-content\/uploads\/2023\/11\/B_B77-1024x683.jpg\"  title=\"B_B77\"  data-width=\"640\"  data-height=\"427\" ><\/div><div class=\"rbs-img-data-popup\"  data-popup=\"http:\/\/cornisharms.de\/wp-content\/uploads\/2023\/11\/B_B77-scaled.jpg\"  title=\"B_B77\" ><\/div><div class=\"thumbnail-overlay\"><div class=\"rbsIcons\"><i class=\"fa fa-image rbsZoomIcon \" ><\/i><\/div><\/div><\/div><\/div><div class=\"rbs-img  category964 \" ><div class=\"rbs-img-image   rbs-lightbox \" ><div class=\"rbs-img-thumbs\"  data-thumbnail=\"http:\/\/cornisharms.de\/wp-content\/uploads\/2023\/11\/B_B107-1024x683.jpg\"  title=\"B_B107\"  data-width=\"640\"  data-height=\"427\" ><\/div><div class=\"rbs-img-data-popup\"  data-popup=\"http:\/\/cornisharms.de\/wp-content\/uploads\/2023\/11\/B_B107-scaled.jpg\"  title=\"B_B107\" ><\/div><div class=\"thumbnail-overlay\"><div class=\"rbsIcons\"><i class=\"fa fa-image rbsZoomIcon \" ><\/i><\/div><\/div><\/div><\/div><div class=\"rbs-img  category964 \" ><div class=\"rbs-img-image   rbs-lightbox \" ><div class=\"rbs-img-thumbs\"  data-thumbnail=\"http:\/\/cornisharms.de\/wp-content\/uploads\/2023\/11\/B_B94-1024x683.jpg\"  title=\"B_B94\"  data-width=\"640\"  data-height=\"427\" ><\/div><div class=\"rbs-img-data-popup\"  data-popup=\"http:\/\/cornisharms.de\/wp-content\/uploads\/2023\/11\/B_B94-scaled.jpg\"  title=\"B_B94\" ><\/div><div class=\"thumbnail-overlay\"><div class=\"rbsIcons\"><i class=\"fa fa-image rbsZoomIcon \" ><\/i><\/div><\/div><\/div><\/div><div class=\"rbs-img  category964 \"  data-columns=\"4\" ><div class=\"rbs-img-image   rbs-lightbox \" ><div class=\"rbs-img-thumbs\"  data-thumbnail=\"http:\/\/cornisharms.de\/wp-content\/uploads\/2023\/11\/B_B210-1024x683.jpg\"  title=\"B_B210\"  data-width=\"640\"  data-height=\"427\" ><\/div><div class=\"rbs-img-data-popup\"  data-popup=\"http:\/\/cornisharms.de\/wp-content\/uploads\/2023\/11\/B_B210-scaled.jpg\"  title=\"B_B210\" ><\/div><div class=\"thumbnail-overlay\"><div class=\"rbsIcons\"><i class=\"fa fa-image rbsZoomIcon \" ><\/i><\/div><\/div><\/div><\/div><div class=\"rbs-img  category964 \" ><div class=\"rbs-img-image   rbs-lightbox \" ><div class=\"rbs-img-thumbs\"  data-thumbnail=\"http:\/\/cornisharms.de\/wp-content\/uploads\/2023\/11\/B_B72-1024x683.jpg\"  title=\"B_B72\"  data-width=\"640\"  data-height=\"427\" ><\/div><div class=\"rbs-img-data-popup\"  data-popup=\"http:\/\/cornisharms.de\/wp-content\/uploads\/2023\/11\/B_B72-scaled.jpg\"  title=\"B_B72\" ><\/div><div class=\"thumbnail-overlay\"><div class=\"rbsIcons\"><i class=\"fa fa-image rbsZoomIcon \" ><\/i><\/div><\/div><\/div><\/div><div class=\"rbs-img  category964 \" ><div class=\"rbs-img-image   rbs-lightbox \" ><div class=\"rbs-img-thumbs\"  data-thumbnail=\"http:\/\/cornisharms.de\/wp-content\/uploads\/2023\/11\/B_B100-1024x683.jpg\"  title=\"B_B100\"  data-width=\"640\"  data-height=\"427\" ><\/div><div class=\"rbs-img-data-popup\"  data-popup=\"http:\/\/cornisharms.de\/wp-content\/uploads\/2023\/11\/B_B100-scaled.jpg\"  title=\"B_B100\" ><\/div><div class=\"thumbnail-overlay\"><div class=\"rbsIcons\"><i class=\"fa fa-image rbsZoomIcon \" ><\/i><\/div><\/div><\/div><\/div><div class=\"rbs-img  category964 \" ><div class=\"rbs-img-image   rbs-lightbox \" ><div class=\"rbs-img-thumbs\"  data-thumbnail=\"http:\/\/cornisharms.de\/wp-content\/uploads\/2023\/11\/B_B48-1024x683.jpg\"  title=\"B_B48\"  data-width=\"640\"  data-height=\"427\" ><\/div><div class=\"rbs-img-data-popup\"  data-popup=\"http:\/\/cornisharms.de\/wp-content\/uploads\/2023\/11\/B_B48-scaled.jpg\"  title=\"B_B48\" ><\/div><div class=\"thumbnail-overlay\"><div class=\"rbsIcons\"><i class=\"fa fa-image rbsZoomIcon \" ><\/i><\/div><\/div><\/div><\/div><div class=\"rbs-img  category964 \" ><div class=\"rbs-img-image   rbs-lightbox \" ><div class=\"rbs-img-thumbs\"  data-thumbnail=\"http:\/\/cornisharms.de\/wp-content\/uploads\/2023\/11\/B_B87-1024x683.jpg\"  title=\"B_B87\"  data-width=\"640\"  data-height=\"427\" ><\/div><div class=\"rbs-img-data-popup\"  data-popup=\"http:\/\/cornisharms.de\/wp-content\/uploads\/2023\/11\/B_B87-scaled.jpg\"  title=\"B_B87\" ><\/div><div class=\"thumbnail-overlay\"><div class=\"rbsIcons\"><i class=\"fa fa-image rbsZoomIcon \" ><\/i><\/div><\/div><\/div><\/div><div class=\"rbs-img  category964 \" ><div class=\"rbs-img-image   rbs-lightbox \" ><div class=\"rbs-img-thumbs\"  data-thumbnail=\"http:\/\/cornisharms.de\/wp-content\/uploads\/2023\/11\/B_B90-1024x683.jpg\"  title=\"B_B90\"  data-width=\"640\"  data-height=\"427\" ><\/div><div class=\"rbs-img-data-popup\"  data-popup=\"http:\/\/cornisharms.de\/wp-content\/uploads\/2023\/11\/B_B90-scaled.jpg\"  title=\"B_B90\" ><\/div><div class=\"thumbnail-overlay\"><div class=\"rbsIcons\"><i class=\"fa fa-image rbsZoomIcon \" ><\/i><\/div><\/div><\/div><\/div><div class=\"rbs-img  category964 \" ><div class=\"rbs-img-image   rbs-lightbox \" ><div class=\"rbs-img-thumbs\"  data-thumbnail=\"http:\/\/cornisharms.de\/wp-content\/uploads\/2023\/11\/B_B44-1024x683.jpg\"  title=\"B_B44\"  data-width=\"640\"  data-height=\"427\" ><\/div><div class=\"rbs-img-data-popup\"  data-popup=\"http:\/\/cornisharms.de\/wp-content\/uploads\/2023\/11\/B_B44-scaled.jpg\"  title=\"B_B44\" ><\/div><div class=\"thumbnail-overlay\"><div class=\"rbsIcons\"><i class=\"fa fa-image rbsZoomIcon \" ><\/i><\/div><\/div><\/div><\/div><div class=\"rbs-img  category964 \"  data-columns=\"4\" ><div class=\"rbs-img-image   rbs-lightbox \" ><div class=\"rbs-img-thumbs\"  data-thumbnail=\"http:\/\/cornisharms.de\/wp-content\/uploads\/2023\/11\/B_B11-1024x683.jpg\"  title=\"B_B11\"  data-width=\"640\"  data-height=\"427\" ><\/div><div class=\"rbs-img-data-popup\"  data-popup=\"http:\/\/cornisharms.de\/wp-content\/uploads\/2023\/11\/B_B11-scaled.jpg\"  title=\"B_B11\" ><\/div><div class=\"thumbnail-overlay\"><div class=\"rbsIcons\"><i class=\"fa fa-image rbsZoomIcon \" ><\/i><\/div><\/div><\/div><\/div><div class=\"rbs-img  category964 \" ><div class=\"rbs-img-image   rbs-lightbox \" ><div class=\"rbs-img-thumbs\"  data-thumbnail=\"http:\/\/cornisharms.de\/wp-content\/uploads\/2023\/11\/B_B53-1024x683.jpg\"  title=\"B_B53\"  data-width=\"640\"  data-height=\"427\" ><\/div><div class=\"rbs-img-data-popup\"  data-popup=\"http:\/\/cornisharms.de\/wp-content\/uploads\/2023\/11\/B_B53-scaled.jpg\"  title=\"B_B53\" ><\/div><div class=\"thumbnail-overlay\"><div class=\"rbsIcons\"><i class=\"fa fa-image rbsZoomIcon \" ><\/i><\/div><\/div><\/div><\/div><div class=\"rbs-img  category964 \" ><div class=\"rbs-img-image   rbs-lightbox \" ><div class=\"rbs-img-thumbs\"  data-thumbnail=\"http:\/\/cornisharms.de\/wp-content\/uploads\/2023\/11\/B_B35-1024x683.jpg\"  title=\"B_B35\"  data-width=\"640\"  data-height=\"427\" ><\/div><div class=\"rbs-img-data-popup\"  data-popup=\"http:\/\/cornisharms.de\/wp-content\/uploads\/2023\/11\/B_B35-scaled.jpg\"  title=\"B_B35\" ><\/div><div class=\"thumbnail-overlay\"><div class=\"rbsIcons\"><i class=\"fa fa-image rbsZoomIcon \" ><\/i><\/div><\/div><\/div><\/div><div class=\"rbs-img  category964 \" ><div class=\"rbs-img-image   rbs-lightbox \" ><div class=\"rbs-img-thumbs\"  data-thumbnail=\"http:\/\/cornisharms.de\/wp-content\/uploads\/2023\/11\/B_B41-1024x683.jpg\"  title=\"B_B41\"  data-width=\"640\"  data-height=\"427\" ><\/div><div class=\"rbs-img-data-popup\"  data-popup=\"http:\/\/cornisharms.de\/wp-content\/uploads\/2023\/11\/B_B41-scaled.jpg\"  title=\"B_B41\" ><\/div><div class=\"thumbnail-overlay\"><div class=\"rbsIcons\"><i class=\"fa fa-image rbsZoomIcon \" ><\/i><\/div><\/div><\/div><\/div><div class=\"rbs-img  category964 \"  data-columns=\"3\" ><div class=\"rbs-img-image   rbs-lightbox \" ><div class=\"rbs-img-thumbs\"  data-thumbnail=\"http:\/\/cornisharms.de\/wp-content\/uploads\/2023\/11\/B_B20-1024x683.jpg\"  title=\"B_B20\"  data-width=\"640\"  data-height=\"427\" ><\/div><div class=\"rbs-img-data-popup\"  data-popup=\"http:\/\/cornisharms.de\/wp-content\/uploads\/2023\/11\/B_B20-scaled.jpg\"  title=\"B_B20\" ><\/div><div class=\"thumbnail-overlay\"><div class=\"rbsIcons\"><i class=\"fa fa-image rbsZoomIcon \" ><\/i><\/div><\/div><\/div><\/div><div class=\"rbs-img  category964 \" ><div class=\"rbs-img-image   rbs-lightbox \" ><div class=\"rbs-img-thumbs\"  data-thumbnail=\"http:\/\/cornisharms.de\/wp-content\/uploads\/2023\/11\/B_B22-1024x683.jpg\"  title=\"B_B22\"  data-width=\"640\"  data-height=\"427\" ><\/div><div class=\"rbs-img-data-popup\"  data-popup=\"http:\/\/cornisharms.de\/wp-content\/uploads\/2023\/11\/B_B22-scaled.jpg\"  title=\"B_B22\" ><\/div><div class=\"thumbnail-overlay\"><div class=\"rbsIcons\"><i class=\"fa fa-image rbsZoomIcon \" ><\/i><\/div><\/div><\/div><\/div><div class=\"rbs-img  category964 \" ><div class=\"rbs-img-image   rbs-lightbox \" ><div class=\"rbs-img-thumbs\"  data-thumbnail=\"http:\/\/cornisharms.de\/wp-content\/uploads\/2023\/10\/B_B8-1024x683.jpg\"  title=\"B_B8\"  data-width=\"640\"  data-height=\"427\" ><\/div><div class=\"rbs-img-data-popup\"  data-popup=\"http:\/\/cornisharms.de\/wp-content\/uploads\/2023\/10\/B_B8-scaled.jpg\"  title=\"B_B8\" ><\/div><div class=\"thumbnail-overlay\"><div class=\"rbsIcons\"><i class=\"fa fa-image rbsZoomIcon \" ><\/i><\/div><\/div><\/div><\/div><div class=\"rbs-img  category964 \" ><div class=\"rbs-img-image   rbs-lightbox \" ><div class=\"rbs-img-thumbs\"  data-thumbnail=\"http:\/\/cornisharms.de\/wp-content\/uploads\/2023\/10\/B_B11-1024x683.jpg\"  title=\"B_B11\"  data-width=\"640\"  data-height=\"427\" ><\/div><div class=\"rbs-img-data-popup\"  data-popup=\"http:\/\/cornisharms.de\/wp-content\/uploads\/2023\/10\/B_B11-scaled.jpg\"  title=\"B_B11\" ><\/div><div class=\"thumbnail-overlay\"><div class=\"rbsIcons\"><i class=\"fa fa-image rbsZoomIcon \" ><\/i><\/div><\/div><\/div><\/div><div class=\"rbs-img  category964 \" ><div class=\"rbs-img-image   rbs-lightbox \" ><div class=\"rbs-img-thumbs\"  data-thumbnail=\"http:\/\/cornisharms.de\/wp-content\/uploads\/2023\/10\/B_B1-1024x683.jpg\"  title=\"B_B1\"  data-width=\"640\"  data-height=\"427\" ><\/div><div class=\"rbs-img-data-popup\"  data-popup=\"http:\/\/cornisharms.de\/wp-content\/uploads\/2023\/10\/B_B1-scaled.jpg\"  title=\"B_B1\" ><\/div><div class=\"thumbnail-overlay\"><div class=\"rbsIcons\"><i class=\"fa fa-image rbsZoomIcon \" ><\/i><\/div><\/div><\/div><\/div><div class=\"rbs-img  category964 \"  data-columns=\"2\" ><div class=\"rbs-img-image   rbs-lightbox \" ><div class=\"rbs-img-thumbs\"  data-thumbnail=\"http:\/\/cornisharms.de\/wp-content\/uploads\/2023\/10\/B_B7-1024x683.jpg\"  title=\"B_B7\"  data-width=\"640\"  data-height=\"427\" ><\/div><div class=\"rbs-img-data-popup\"  data-popup=\"http:\/\/cornisharms.de\/wp-content\/uploads\/2023\/10\/B_B7-scaled.jpg\"  title=\"B_B7\" ><\/div><div class=\"thumbnail-overlay\"><div class=\"rbsIcons\"><i class=\"fa fa-image rbsZoomIcon \" ><\/i><\/div><\/div><\/div><\/div><\/div><\/div><\/div><script>var rbs_gallery_69dfe1a60a2bb = {\"version\":\"5.1.4\",\"id\":964,\"class\":\"id964\",\"roboGalleryDelay\":1000,\"mainContainer\":\"#robo_gallery_main_block_rbs_gallery_69dfe1a60a2bb\",\"loadingContainer\":\"#rbs_gallery_69dfe1a60a2bb-block-loader\",\"loadingContainerObj\":\"rbs_gallery_69dfe1a60a2bb-block-loader\",\"columnWidth\":\"auto\",\"columns\":8,\"resolutions\":[{\"columnWidth\":\"auto\",\"columns\":3,\"maxWidth\":960},{\"columnWidth\":\"auto\",\"columns\":2,\"maxWidth\":650},{\"columnWidth\":\"auto\",\"columns\":1,\"maxWidth\":450}],\"lightboxOptions\":{\"gallery\":{\"enabled\":true,\"tCounter\":\"%curr% of %total%\"}},\"borderSize\":5,\"overlayEffect\":\"direction-aware-fade\",\"boxesToLoadStart\":20,\"boxesToLoad\":8,\"waitUntilThumbLoads\":1,\"LoadingWord\":\"Loading...\",\"loadMoreWord\":\"Load More\",\"noMoreEntriesWord\":\"No More Entries\",\"horizontalSpaceBetweenBoxes\":15,\"verticalSpaceBetweenBoxes\":15,\"lazyLoad\":1,\"wrapContainer\":\"#robo-gallery-wrap-rbs_gallery_69dfe1a60a2bb\"};<\/script>\n\n\n\n<p><strong>WICHTIG:<\/strong><\/p>\n\n\n\n<p>Bei unserem G\u00e4stehaus handelt es sich um ein \u00fcber dreihundert Jahre altes, denkmalgesch\u00fctztes historisches Geb\u00e4ude mit einem ganz besonderen Charme, den wir w\u00e4hrend des Umbaus bem\u00fcht waren, so weit wie m\u00f6glich zu erhalten. So ist ein Kleinod entstanden, welches Seinesgleichen sucht. Das gro\u00dfe Familienzimmer verf\u00fcgt \u00fcber ein eigenes Bad und \u00fcber eine separate Toilette. F\u00fcr die anderen vier Zimmer stehen zwei B\u00e4der und Toiletten auf den jeweiligen Etagen zur Verf\u00fcgung.&nbsp;<\/p>\n\n\n\n<p>Wir m\u00f6chten darauf hinweisen, dass unser Haus f\u00fcr G\u00e4ste mit k\u00f6rperlichen Einschr\u00e4nkungen aufgrund der baulichen Gegebenheiten leider nicht geeignet ist.&nbsp;<\/p>\n\n\n\n<p>Da unser Haus mit einem Teppichboden ausgelegt ist, k\u00f6nnen Hunde bei uns leider nicht \u00fcbernachten. Wir bitten um Ihr Verst\u00e4ndnis.&nbsp;<\/p>\n\n\n\n<p><strong>Buchung und Preise \u00fcber sleep@thecornisharms.de <\/strong><\/p>\n\n\n\n<p><\/p>\n\n\n\n<p>Hier finden Sie unsere AGB:<\/p>\n\n\n\n<div class=\"wp-block-file\"><a id=\"wp-block-file--media-55e6db46-3b41-4980-ab09-405ed9c1df83\" href=\"http:\/\/cornisharms.de\/wp-content\/uploads\/2023\/11\/AGB-Guesthouse-The-Cornish-Arms-1.pdf\">AGB-Guesthouse-The-Cornish-Arms-1<\/a><a href=\"http:\/\/cornisharms.de\/wp-content\/uploads\/2023\/11\/AGB-Guesthouse-The-Cornish-Arms-1.pdf\" class=\"wp-block-file__button wp-element-button\" download aria-describedby=\"wp-block-file--media-55e6db46-3b41-4980-ab09-405ed9c1df83\">Herunterladen<\/a><\/div>\n","protected":false},"excerpt":{"rendered":"<p>\u201eTHE CORNISH ARMS\u201c Public House and Bed &amp; Breakfast In nur wenigen Minuten zu Fu\u00df befindet sich der historische Marktplatz von Gr\u00e4frath, wo unsere Kollegen vom \u201eKaffeehaus\u201c, der \u201eMAKU-Weinbar\u201c, dem \u201eEiscaf\u00e9 Giulia\u201c oder das spanische Restaurant \u201eCasa Pedro\u201c sich auf Sie freuen w\u00fcrden. Am Ortseingang d\u00fcrfen Sie sich in \u201eBastis Restaurant\u201c auf gepflegte Deutsch-Internationale K\u00fcche [&hellip;]<\/p>\n","protected":false},"author":3,"featured_media":0,"parent":0,"menu_order":0,"comment_status":"closed","ping_status":"closed","template":"","meta":{"_coblocks_attr":"","_coblocks_dimensions":"","_coblocks_responsive_height":"","_coblocks_accordion_ie_support":"","_regular_price":[],"currency_symbol":[],"footnotes":""},"class_list":["post-928","page","type-page","status-publish","hentry"],"post_slider_layout_featured_media_urls":{"thumbnail":"","post_slider_layout_landscape_large":"","post_slider_layout_portrait_large":"","post_slider_layout_square_large":"","post_slider_layout_landscape":"","post_slider_layout_portrait":"","post_slider_layout_square":"","full":""},"_links":{"self":[{"href":"http:\/\/cornisharms.de\/index.php?rest_route=\/wp\/v2\/pages\/928","targetHints":{"allow":["GET"]}}],"collection":[{"href":"http:\/\/cornisharms.de\/index.php?rest_route=\/wp\/v2\/pages"}],"about":[{"href":"http:\/\/cornisharms.de\/index.php?rest_route=\/wp\/v2\/types\/page"}],"author":[{"embeddable":true,"href":"http:\/\/cornisharms.de\/index.php?rest_route=\/wp\/v2\/users\/3"}],"replies":[{"embeddable":true,"href":"http:\/\/cornisharms.de\/index.php?rest_route=%2Fwp%2Fv2%2Fcomments&post=928"}],"version-history":[{"count":16,"href":"http:\/\/cornisharms.de\/index.php?rest_route=\/wp\/v2\/pages\/928\/revisions"}],"predecessor-version":[{"id":1015,"href":"http:\/\/cornisharms.de\/index.php?rest_route=\/wp\/v2\/pages\/928\/revisions\/1015"}],"wp:attachment":[{"href":"http:\/\/cornisharms.de\/index.php?rest_route=%2Fwp%2Fv2%2Fmedia&parent=928"}],"curies":[{"name":"wp","href":"https:\/\/api.w.org\/{rel}","templated":true}]}}